{"id":1749,"date":"2025-03-17T17:28:08","date_gmt":"2025-03-17T20:28:08","guid":{"rendered":"https:\/\/jornadaparaorlando.com.br\/web\/?page_id=1749"},"modified":"2025-05-16T15:56:53","modified_gmt":"2025-05-16T18:56:53","slug":"area-de-downloads","status":"publish","type":"page","link":"https:\/\/jornadaparaorlando.com.br\/web\/area-de-downloads\/","title":{"rendered":"\u00c1REA DE DOWNLOADS"},"content":{"rendered":"\n<figure class=\"wp-block-image size-full\"><img data-recalc-dims=\"1\" decoding=\"async\" width=\"850\" height=\"567\" data-src=\"https:\/\/i0.wp.com\/jornadaparaorlando.com.br\/web\/wp-content\/uploads\/2025\/03\/viagem-jornada-para-orlando1.jpg?resize=850%2C567&#038;ssl=1\" alt=\"\" class=\"wp-image-1767 lazyload\" data-srcset=\"https:\/\/i0.wp.com\/jornadaparaorlando.com.br\/web\/wp-content\/uploads\/2025\/03\/viagem-jornada-para-orlando1.jpg?w=850&amp;ssl=1 850w, https:\/\/i0.wp.com\/jornadaparaorlando.com.br\/web\/wp-content\/uploads\/2025\/03\/viagem-jornada-para-orlando1.jpg?resize=300%2C200&amp;ssl=1 300w, https:\/\/i0.wp.com\/jornadaparaorlando.com.br\/web\/wp-content\/uploads\/2025\/03\/viagem-jornada-para-orlando1.jpg?resize=768%2C512&amp;ssl=1 768w\" data-sizes=\"(max-width: 850px) 100vw, 850px\" src=\"data:image\/svg+xml;base64,PHN2ZyB3aWR0aD0iMSIgaGVpZ2h0PSIxIiB4bWxucz0iaHR0cDovL3d3dy53My5vcmcvMjAwMC9zdmciPjwvc3ZnPg==\" style=\"--smush-placeholder-width: 850px; --smush-placeholder-aspect-ratio: 850\/567;\" \/><figcaption class=\"wp-element-caption\">Foto: <em><a href=\"https:\/\/www.freepik.com\" target=\"_blank\" rel=\"noreferrer noopener\">Freepik<\/a><\/em><\/figcaption><\/figure>\n\n\n\n<p>Aqui voc\u00ea encontra diversos conte\u00fados que elaborei para que voc\u00ea consiga planejar e organizar sua viagem com muitas dicas, roteiros, endere\u00e7os e muito mais!<\/p>\n\n\n\n<div style=\"height:40px\" aria-hidden=\"true\" class=\"wp-block-spacer\"><\/div>\n\n\n\n<div id=\"ez-toc-container\" class=\"ez-toc-v2_0_82 counter-hierarchy ez-toc-counter ez-toc-grey ez-toc-container-direction\">\r\n<div class=\"ez-toc-title-container\">\r\n<span class=\"ez-toc-title-toggle\"><a href=\"#\" class=\"ez-toc-pull-right ez-toc-btn ez-toc-btn-xs ez-toc-btn-default ez-toc-toggle\" aria-label=\"Toggle Table of Content\"><span class=\"ez-toc-js-icon-con\"><span class=\"\"><span class=\"eztoc-hide\" style=\"display:none;\">Toggle<\/span><span class=\"ez-toc-icon-toggle-span\"><svg style=\"fill: #999;color:#999\" xmlns=\"http:\/\/www.w3.org\/2000\/svg\" class=\"list-377408\" width=\"20px\" height=\"20px\" viewBox=\"0 0 24 24\" fill=\"none\"><path d=\"M6 6H4v2h2V6zm14 0H8v2h12V6zM4 11h2v2H4v-2zm16 0H8v2h12v-2zM4 16h2v2H4v-2zm16 0H8v2h12v-2z\" fill=\"currentColor\"><\/path><\/svg><svg style=\"fill: #999;color:#999\" class=\"arrow-unsorted-368013\" xmlns=\"http:\/\/www.w3.org\/2000\/svg\" width=\"10px\" height=\"10px\" viewBox=\"0 0 24 24\" version=\"1.2\" baseProfile=\"tiny\"><path d=\"M18.2 9.3l-6.2-6.3-6.2 6.3c-.2.2-.3.4-.3.7s.1.5.3.7c.2.2.4.3.7.3h11c.3 0 .5-.1.7-.3.2-.2.3-.5.3-.7s-.1-.5-.3-.7zM5.8 14.7l6.2 6.3 6.2-6.3c.2-.2.3-.5.3-.7s-.1-.5-.3-.7c-.2-.2-.4-.3-.7-.3h-11c-.3 0-.5.1-.7.3-.2.2-.3.5-.3.7s.1.5.3.7z\"\/><\/svg><\/span><\/span><\/span><\/a><\/span><\/div>\r\n<nav><ul class='ez-toc-list ez-toc-list-level-1 ' ><li class='ez-toc-page-1 ez-toc-heading-level-2'><a class=\"ez-toc-link ez-toc-heading-1\" href=\"https:\/\/jornadaparaorlando.com.br\/web\/area-de-downloads\/#CONTEUDO_GRATUITO\" >CONTE\u00daDO GRATUITO<\/a><ul class='ez-toc-list-level-3' ><li class='ez-toc-heading-level-3'><a class=\"ez-toc-link ez-toc-heading-2\" href=\"https:\/\/jornadaparaorlando.com.br\/web\/area-de-downloads\/#%F0%9F%93%8D_CALENDARIO_DE_LOTACAO_DOS_PARQUES_DA_DISNEY_%E2%80%93_2025\" >\ud83d\udccd CALEND\u00c1RIO DE LOTA\u00c7\u00c3O DOS PARQUES DA DISNEY &#8211; 2025<\/a><\/li><li class='ez-toc-page-1 ez-toc-heading-level-3'><a class=\"ez-toc-link ez-toc-heading-3\" href=\"https:\/\/jornadaparaorlando.com.br\/web\/area-de-downloads\/#%F0%9F%93%8D_CHECKLIST_DE_VIAGEM_PARA_ORLANDO\" >\ud83d\udccd CHECKLIST DE VIAGEM PARA ORLANDO<\/a><\/li><\/ul><\/li><\/ul><\/nav><\/div>\r\n<h2 class=\"wp-block-heading\"><span class=\"ez-toc-section\" id=\"CONTEUDO_GRATUITO\"><\/span>CONTE\u00daDO GRATUITO<span class=\"ez-toc-section-end\"><\/span><\/h2>\n\n\n\n<p>Abaixo est\u00e3o alguns <strong>materiais gratuitos<\/strong> que elaborei para voc\u00ea! Basta clicar nos links para fazer o download dos arquivos .PDFs. Caso o arquivo n\u00e3o abra em uma nova janela, verifique se o seu navegador n\u00e3o est\u00e1 com o bloqueio de pop-ups ativado!<\/p>\n\n\n\n<div style=\"height:23px\" aria-hidden=\"true\" class=\"wp-block-spacer\"><\/div>\n\n\n\n<h3 class=\"wp-block-heading\"><span class=\"ez-toc-section\" id=\"%F0%9F%93%8D_CALENDARIO_DE_LOTACAO_DOS_PARQUES_DA_DISNEY_%E2%80%93_2025\"><\/span>\ud83d\udccd <a href=\"https:\/\/jornadaparaorlando.com.br\/web\/wp-content\/uploads\/2025\/05\/Calendario-de-lotacao-dos-parques-2025.pdf\" target=\"_blank\" rel=\"noreferrer noopener\">CALEND\u00c1RIO DE LOTA\u00c7\u00c3O DOS PARQUES DA DISNEY &#8211; 2025<\/a><span class=\"ez-toc-section-end\"><\/span><\/h3>\n\n\n\n<div style=\"height:30px\" aria-hidden=\"true\" class=\"wp-block-spacer\"><\/div>\n\n\n\n<h3 class=\"wp-block-heading\"><span class=\"ez-toc-section\" id=\"%F0%9F%93%8D_CHECKLIST_DE_VIAGEM_PARA_ORLANDO\"><\/span>\ud83d\udccd <strong><a href=\"https:\/\/jornadaparaorlando.com.br\/web\/wp-content\/uploads\/2025\/05\/CHECKLIST-DE-VIAGEM-PARA-ORLANDO-min.pdf\" target=\"_blank\" rel=\"noreferrer noopener\">CHECKLIST DE VIAGEM PARA ORLANDO<\/a><\/strong><span class=\"ez-toc-section-end\"><\/span><\/h3>\n\n\n\n<div style=\"height:318px\" aria-hidden=\"true\" class=\"wp-block-spacer\"><\/div>\n\n\n\n<p><\/p>\n","protected":false},"excerpt":{"rendered":"<p>Aqui voc\u00ea encontra diversos conte\u00fados que elaborei para que voc\u00ea consiga planejar e organizar sua viagem com muitas dicas, roteiros, endere\u00e7os e muito mais! CONTE\u00daDO GRATUITO Abaixo est\u00e3o alguns materiais gratuitos que elaborei para voc\u00ea! Basta clicar nos links para fazer o download dos arquivos .PDFs. Caso o arquivo n\u00e3o abra em uma nova janela, [&hellip;]<\/p>\n","protected":false},"author":1,"featured_media":0,"parent":0,"menu_order":0,"comment_status":"closed","ping_status":"closed","template":"","meta":{"om_disable_all_campaigns":false,"_monsterinsights_skip_tracking":false,"_monsterinsights_sitenote_active":false,"_monsterinsights_sitenote_note":"","_monsterinsights_sitenote_category":0,"_uf_show_specific_survey":0,"_uf_disable_surveys":false,"footnotes":""},"class_list":["post-1749","page","type-page","status-publish","hentry"],"jetpack_sharing_enabled":true,"_links":{"self":[{"href":"https:\/\/jornadaparaorlando.com.br\/web\/wp-json\/wp\/v2\/pages\/1749","targetHints":{"allow":["GET"]}}],"collection":[{"href":"https:\/\/jornadaparaorlando.com.br\/web\/wp-json\/wp\/v2\/pages"}],"about":[{"href":"https:\/\/jornadaparaorlando.com.br\/web\/wp-json\/wp\/v2\/types\/page"}],"author":[{"embeddable":true,"href":"https:\/\/jornadaparaorlando.com.br\/web\/wp-json\/wp\/v2\/users\/1"}],"replies":[{"embeddable":true,"href":"https:\/\/jornadaparaorlando.com.br\/web\/wp-json\/wp\/v2\/comments?post=1749"}],"version-history":[{"count":15,"href":"https:\/\/jornadaparaorlando.com.br\/web\/wp-json\/wp\/v2\/pages\/1749\/revisions"}],"predecessor-version":[{"id":2090,"href":"https:\/\/jornadaparaorlando.com.br\/web\/wp-json\/wp\/v2\/pages\/1749\/revisions\/2090"}],"wp:attachment":[{"href":"https:\/\/jornadaparaorlando.com.br\/web\/wp-json\/wp\/v2\/media?parent=1749"}],"curies":[{"name":"wp","href":"https:\/\/api.w.org\/{rel}","templated":true}]}}