{"id":3,"date":"2023-12-08T16:27:28","date_gmt":"2023-12-08T16:27:28","guid":{"rendered":"http:\/\/jornadaparaorlando.com.br\/web\/?page_id=3"},"modified":"2024-04-25T16:03:38","modified_gmt":"2024-04-25T19:03:38","slug":"privacy-policy","status":"publish","type":"page","link":"https:\/\/jornadaparaorlando.com.br\/web\/privacy-policy\/","title":{"rendered":"POL\u00cdTICA DE PRIVACIDADE"},"content":{"rendered":"\n<p><\/p>\n\n\n\n<p><strong>Seguran\u00e7a dos dados<\/strong><\/p>\n\n\n\n<p>Aqui na <strong>Jornada para Orlando<\/strong> priorizamos a seguran\u00e7a e a privacidade das suas informa\u00e7\u00f5es enquanto voc\u00ea navega pelo nosso site e utiliza nossos servi\u00e7os. Por isso, adotamos pr\u00e1ticas e tecnologias alinhadas aos padr\u00f5es do mercado e \u00e0 LGPD, a Lei Geral de Prote\u00e7\u00e3o de Dados (Lei n\u00ba 13.709\/2018).<\/p>\n\n\n\n<p>A LGPD estabelece diretrizes claras sobre a coleta, armazenamento e compartilhamento de dados pessoais, garantindo mais seguran\u00e7a aos titulares dos dados.<\/p>\n\n\n\n<p>Abaixo, apresentamos detalhes sobre como lidamos com essas quest\u00f5es.<\/p>\n\n\n\n<p><strong>Como obtemos informa\u00e7\u00f5es pessoais?<\/strong><\/p>\n\n\n\n<p>Agradecemos por estar conosco e queremos garantir que seus dados sejam protegidos em todas as intera\u00e7\u00f5es. Na Jornada para Orlando, coletamos informa\u00e7\u00f5es pessoais nas seguintes situa\u00e7\u00f5es:<\/p>\n\n\n\n<p>Durante sua navega\u00e7\u00e3o em nosso site;<\/p>\n\n\n\n<p>&#8211; Quando voc\u00ea se inscreve voluntariamente em nossa newsletter, lista de espera ou preenche um formul\u00e1rio para receber avisos sobre promo\u00e7\u00f5es;<\/p>\n\n\n\n<p>&#8211; Ao fornecer seus dados para usar nossa calculadora de lota\u00e7\u00e3o;<\/p>\n\n\n\n<p>&#8211; Por meio do uso de tecnologias de rastreamento e cookies. Os cookies s\u00e3o ferramentas comuns na internet, armazenando pequenos arquivos de texto em seu computador durante a visita a sites. Eles ajudam a personalizar e melhorar sua experi\u00eancia, mas voc\u00ea pode desativ\u00e1-los a qualquer momento em seu navegador.<\/p>\n\n\n\n<p><strong>Como utilizamos as informa\u00e7\u00f5es<\/strong><\/p>\n\n\n\n<p>Os dados coletados em nosso site s\u00e3o utilizados para:<\/p>\n\n\n\n<p>&#8211; Enviar e-mails com mat\u00e9rias e informa\u00e7\u00f5es relevantes atrav\u00e9s da nossa Newsletter, mediante sua inscri\u00e7\u00e3o volunt\u00e1ria;<\/p>\n\n\n\n<p>&#8211; Notific\u00e1-lo por e-mail sobre o in\u00edcio das vendas de produtos que voc\u00ea tenha solicitado aviso; Aprimorar nossos servi\u00e7os, monitorando atividades e tend\u00eancias de uso;<\/p>\n\n\n\n<p>&#8211; Prevenir atividades ilegais ou fraudulentas, protegendo nossos direitos e os direitos de nossos usu\u00e1rios.<\/p>\n\n\n\n<p><strong>Compartilhamento de informa\u00e7\u00f5es<\/strong><\/p>\n\n\n\n<p>As informa\u00e7\u00f5es fornecidas \u00e0 <strong>Jornada para Orlando<\/strong> n\u00e3o s\u00e3o vendidas, trocadas ou divulgadas para terceiros.<\/p>\n\n\n\n<p><strong>Publicidade<\/strong><\/p>\n\n\n\n<p>Assim como outros sites, utilizamos informa\u00e7\u00f5es de an\u00fancios, como endere\u00e7o IP, provedor de acesso, navegador utilizado e p\u00e1ginas visitadas, para aprimorar nossos servi\u00e7os.<\/p>\n\n\n\n<p><strong>Links para Sites de Terceiros<\/strong><\/p>\n\n\n\n<p>Nosso site pode conter links para outros sites \u00fateis aos nossos visitantes. No entanto, nossa pol\u00edtica de privacidade n\u00e3o se aplica a esses sites, pois cada um possui sua pr\u00f3pria pol\u00edtica de privacidade.<\/p>\n\n\n\n<p><strong>Exclus\u00e3o de Cadastro<\/strong><\/p>\n\n\n\n<p>Se desejar excluir suas informa\u00e7\u00f5es cadastradas conosco, basta clicar aqui e preencher com seu e-mail utilizado no site.<\/p>\n\n\n\n<p><strong>D\u00favidas?<\/strong><\/p>\n\n\n\n<p>Estamos aqui para ajudar! Se tiver alguma d\u00favida sobre nossa pol\u00edtica de privacidade, entre em contato conosco. Estamos \u00e0 disposi\u00e7\u00e3o para esclarecer qualquer quest\u00e3o. =)<\/p>\n","protected":false},"excerpt":{"rendered":"<p>Seguran\u00e7a dos dados Aqui na Jornada para Orlando priorizamos a seguran\u00e7a e a privacidade das suas informa\u00e7\u00f5es enquanto voc\u00ea navega pelo nosso site e utiliza nossos servi\u00e7os. Por isso, adotamos pr\u00e1ticas e tecnologias alinhadas aos padr\u00f5es do mercado e \u00e0 LGPD, a Lei Geral de Prote\u00e7\u00e3o de Dados (Lei n\u00ba 13.709\/2018). A LGPD estabelece diretrizes [&hellip;]<\/p>\n","protected":false},"author":1,"featured_media":0,"parent":0,"menu_order":0,"comment_status":"closed","ping_status":"open","template":"","meta":{"om_disable_all_campaigns":false,"_monsterinsights_skip_tracking":false,"_monsterinsights_sitenote_active":false,"_monsterinsights_sitenote_note":"","_monsterinsights_sitenote_category":0,"_uf_show_specific_survey":0,"_uf_disable_surveys":false,"footnotes":""},"class_list":["post-3","page","type-page","status-publish","hentry"],"jetpack_sharing_enabled":true,"_links":{"self":[{"href":"https:\/\/jornadaparaorlando.com.br\/web\/wp-json\/wp\/v2\/pages\/3","targetHints":{"allow":["GET"]}}],"collection":[{"href":"https:\/\/jornadaparaorlando.com.br\/web\/wp-json\/wp\/v2\/pages"}],"about":[{"href":"https:\/\/jornadaparaorlando.com.br\/web\/wp-json\/wp\/v2\/types\/page"}],"author":[{"embeddable":true,"href":"https:\/\/jornadaparaorlando.com.br\/web\/wp-json\/wp\/v2\/users\/1"}],"replies":[{"embeddable":true,"href":"https:\/\/jornadaparaorlando.com.br\/web\/wp-json\/wp\/v2\/comments?post=3"}],"version-history":[{"count":1,"href":"https:\/\/jornadaparaorlando.com.br\/web\/wp-json\/wp\/v2\/pages\/3\/revisions"}],"predecessor-version":[{"id":116,"href":"https:\/\/jornadaparaorlando.com.br\/web\/wp-json\/wp\/v2\/pages\/3\/revisions\/116"}],"wp:attachment":[{"href":"https:\/\/jornadaparaorlando.com.br\/web\/wp-json\/wp\/v2\/media?parent=3"}],"curies":[{"name":"wp","href":"https:\/\/api.w.org\/{rel}","templated":true}]}}