{"id":30,"date":"2023-12-12T19:25:13","date_gmt":"2023-12-12T19:25:13","guid":{"rendered":"https:\/\/jornadaparaorlando.com.br\/web\/?page_id=30"},"modified":"2025-03-07T16:18:09","modified_gmt":"2025-03-07T19:18:09","slug":"servicos","status":"publish","type":"page","link":"https:\/\/jornadaparaorlando.com.br\/web\/servicos\/","title":{"rendered":"SERVI\u00c7OS"},"content":{"rendered":"\n<div style=\"height:34px\" aria-hidden=\"true\" class=\"wp-block-spacer\"><\/div>\n\n\n\n<div id=\"ez-toc-container\" class=\"ez-toc-v2_0_82 counter-hierarchy ez-toc-counter ez-toc-grey ez-toc-container-direction\">\r\n<div class=\"ez-toc-title-container\">\r\n<span class=\"ez-toc-title-toggle\"><a href=\"#\" class=\"ez-toc-pull-right ez-toc-btn ez-toc-btn-xs ez-toc-btn-default ez-toc-toggle\" aria-label=\"Toggle Table of Content\"><span class=\"ez-toc-js-icon-con\"><span class=\"\"><span class=\"eztoc-hide\" style=\"display:none;\">Toggle<\/span><span class=\"ez-toc-icon-toggle-span\"><svg style=\"fill: #999;color:#999\" xmlns=\"http:\/\/www.w3.org\/2000\/svg\" class=\"list-377408\" width=\"20px\" height=\"20px\" viewBox=\"0 0 24 24\" fill=\"none\"><path d=\"M6 6H4v2h2V6zm14 0H8v2h12V6zM4 11h2v2H4v-2zm16 0H8v2h12v-2zM4 16h2v2H4v-2zm16 0H8v2h12v-2z\" fill=\"currentColor\"><\/path><\/svg><svg style=\"fill: #999;color:#999\" class=\"arrow-unsorted-368013\" xmlns=\"http:\/\/www.w3.org\/2000\/svg\" width=\"10px\" height=\"10px\" viewBox=\"0 0 24 24\" version=\"1.2\" baseProfile=\"tiny\"><path d=\"M18.2 9.3l-6.2-6.3-6.2 6.3c-.2.2-.3.4-.3.7s.1.5.3.7c.2.2.4.3.7.3h11c.3 0 .5-.1.7-.3.2-.2.3-.5.3-.7s-.1-.5-.3-.7zM5.8 14.7l6.2 6.3 6.2-6.3c.2-.2.3-.5.3-.7s-.1-.5-.3-.7c-.2-.2-.4-.3-.7-.3h-11c-.3 0-.5.1-.7.3-.2.2-.3.5-.3.7s.1.5.3.7z\"\/><\/svg><\/span><\/span><\/span><\/a><\/span><\/div>\r\n<nav><ul class='ez-toc-list ez-toc-list-level-1 ' ><li class='ez-toc-page-1 ez-toc-heading-level-3'><a class=\"ez-toc-link ez-toc-heading-1\" href=\"https:\/\/jornadaparaorlando.com.br\/web\/servicos\/#Numeros_de_Emergencia\" >N\u00fameros de Emerg\u00eancia:<\/a><\/li><li class='ez-toc-page-1 ez-toc-heading-level-3'><a class=\"ez-toc-link ez-toc-heading-2\" href=\"https:\/\/jornadaparaorlando.com.br\/web\/servicos\/#Hospitais_Proximos_aos_Parques_Tematicos\" >Hospitais Pr\u00f3ximos aos Parques Tem\u00e1ticos:<\/a><\/li><li class='ez-toc-page-1 ez-toc-heading-level-3'><a class=\"ez-toc-link ez-toc-heading-3\" href=\"https:\/\/jornadaparaorlando.com.br\/web\/servicos\/#Consulado-Geral_do_Brasil_em_Orlando\" >Consulado-Geral do Brasil em Orlando:<\/a><\/li><li class='ez-toc-page-1 ez-toc-heading-level-3'><a class=\"ez-toc-link ez-toc-heading-4\" href=\"https:\/\/jornadaparaorlando.com.br\/web\/servicos\/#Centros_de_Informacoes_Turisticas\" >Centros de Informa\u00e7\u00f5es Tur\u00edsticas:<\/a><\/li><li class='ez-toc-page-1 ez-toc-heading-level-3'><a class=\"ez-toc-link ez-toc-heading-5\" href=\"https:\/\/jornadaparaorlando.com.br\/web\/servicos\/#Aeroportos\" >Aeroportos<\/a><\/li><\/ul><\/nav><\/div>\r\n<h3 class=\"wp-block-heading\"><span class=\"ez-toc-section\" id=\"Numeros_de_Emergencia\"><\/span><strong>N\u00fameros de Emerg\u00eancia:<\/strong><span class=\"ez-toc-section-end\"><\/span><\/h3>\n\n\n\n<ul class=\"wp-block-list\">\n<li><strong>Emerg\u00eancias Gerais (Pol\u00edcia, Ambul\u00e2ncia, Bombeiros):<\/strong> 911<\/li>\n\n\n\n<li>Pol\u00edcia rodovi\u00e1ria da Fl\u00f3rida 24 horas: (407) 737-2300<\/li>\n\n\n\n<li>Departamento de Pol\u00edcia de Orlando 24 horas (situa\u00e7\u00f5es n\u00e3o emergenciais): (321) 235-5300<\/li>\n\n\n\n<li>Fechamentos de estradas e informa\u00e7\u00f5es de rotas alternativas Disque 5-1-1<\/li>\n\n\n\n<li>Acidente de Carro da Patrulha Rodovi\u00e1ria da Fl\u00f3rida Disque *FHP ou *347<\/li>\n<\/ul>\n\n\n\n<p>Voc\u00ea n\u00e3o ser\u00e1 cobrado por nenhuma dessas chamadas pelo 911, *FHP, 511 ou 311. Verifique com sua operadora se eles cobram por essas chamadas. Voc\u00ea pode ser cobrado pelo 411 e\u00a0<strong>N\u00c3O<\/strong>\u00a0\u00e9 uma linha ou servi\u00e7o gratuito do governo. Ao ligar para *FHP (*347) Voc\u00ea deve discar a tecla *Star primeiro.<\/p>\n\n\n\n<div style=\"height:40px\" aria-hidden=\"true\" class=\"wp-block-spacer\"><\/div>\n\n\n\n<h3 class=\"wp-block-heading\"><span class=\"ez-toc-section\" id=\"Hospitais_Proximos_aos_Parques_Tematicos\"><\/span><strong>Hospitais Pr\u00f3ximos aos Parques Tem\u00e1ticos:<\/strong><span class=\"ez-toc-section-end\"><\/span><\/h3>\n\n\n\n<ul class=\"wp-block-list\">\n<li><strong>AdventHealth Celebration:<\/strong>\n<ul class=\"wp-block-list\">\n<li>Endere\u00e7o: 400 Celebration Place, Kissimmee, FL 34747<\/li>\n\n\n\n<li>Telefone: +1 (407) 764-4000<\/li>\n\n\n\n<li>Site oficial: <a href=\"https:\/\/www.adventhealth.com\/hospital\/adventhealth-orlando?utm_source=chatgpt.com\" target=\"_blank\" rel=\"noreferrer noopener\">www.adventhealth.com<\/a><\/li>\n<\/ul>\n<\/li>\n\n\n\n<li><\/li>\n\n\n\n<li><strong>Orlando Health Dr. P. Phillips Hospital:<\/strong>\n<ul class=\"wp-block-list\">\n<li>Endere\u00e7o: 9400 Turkey Lake Road, Orlando, FL 32819<\/li>\n\n\n\n<li>Telefone: +1 (407) 351-8500<\/li>\n\n\n\n<li>Site oficial: <a href=\"https:\/\/www.orlandohealth.com\/facilities\/orlando-regional-medical-center?utm_source=chatgpt.com\" target=\"_blank\" rel=\"noreferrer noopener\">www.orlandohealth.com<\/a><\/li>\n\n\n\n<li><\/li>\n<\/ul>\n<\/li>\n\n\n\n<li><strong>Orlando Regional Medical Center (ORMC):<\/strong> \n<ul class=\"wp-block-list\">\n<li>Endere\u00e7o: 52 W Underwood St, Orlando, FL 32806<\/li>\n\n\n\n<li>Telefone: +1 (321) 841-5210<\/li>\n\n\n\n<li>Site oficial: <a href=\"https:\/\/www.orlandohealth.com\/facilities\/orlando-regional-medical-center\" target=\"_blank\" rel=\"noreferrer noopener\"><\/a><a href=\"https:\/\/www.orlandohealth.com\/facilities\/orlando-regional-medical-center\">Orlando Health Orlando Regional Medical Center<\/a><\/li>\n<\/ul>\n<\/li>\n<\/ul>\n\n\n\n<div style=\"height:37px\" aria-hidden=\"true\" class=\"wp-block-spacer\"><\/div>\n\n\n\n<h3 class=\"wp-block-heading\"><span class=\"ez-toc-section\" id=\"Consulado-Geral_do_Brasil_em_Orlando\"><\/span><strong>Consulado-Geral do Brasil em Orlando:<\/strong><span class=\"ez-toc-section-end\"><\/span><\/h3>\n\n\n\n<ul class=\"wp-block-list\">\n<li>Endere\u00e7o: 355 N Orange Avenue, Orlando, FL 32801<\/li>\n\n\n\n<li>Telefone: +1 (321) 388-0754<\/li>\n\n\n\n<li>E-mail: <a href=\"mailto:consular.orlando@itamaraty.gov.br\">consular.orlando@itamaraty.gov.br<\/a><\/li>\n\n\n\n<li>Site oficial: <a href=\"https:\/\/www.gov.br\/mre\/pt-br\/consulado-orlando?utm_source=chatgpt.com\">www.gov.br<\/a><\/li>\n<\/ul>\n\n\n\n<div style=\"height:40px\" aria-hidden=\"true\" class=\"wp-block-spacer\"><\/div>\n\n\n\n<h3 class=\"wp-block-heading\"><span class=\"ez-toc-section\" id=\"Centros_de_Informacoes_Turisticas\"><\/span><strong>Centros de Informa\u00e7\u00f5es Tur\u00edsticas:<\/strong><span class=\"ez-toc-section-end\"><\/span><\/h3>\n\n\n\n<ul class=\"wp-block-list\">\n<li><strong>Orlando Official Visitor Center:<\/strong>\n<ul class=\"wp-block-list\">\n<li>Endere\u00e7o: 8102 International Drive, Orlando, FL 32819<\/li>\n\n\n\n<li>Telefone: +1 (407) 363-5872<\/li>\n\n\n\n<li>Site oficial: <a href=\"https:\/\/www.visitorlando.com\" target=\"_blank\" rel=\"noreferrer noopener\">www.visitorlando.com<\/a><\/li>\n<\/ul>\n<\/li>\n<\/ul>\n\n\n\n<div style=\"height:40px\" aria-hidden=\"true\" class=\"wp-block-spacer\"><\/div>\n\n\n\n<h3 class=\"wp-block-heading\"><span class=\"ez-toc-section\" id=\"Aeroportos\"><\/span>Aeroportos<span class=\"ez-toc-section-end\"><\/span><\/h3>\n\n\n\n<ul class=\"wp-block-list\">\n<li><strong>Orlando International Airport (MCO):<\/strong>\n<ul class=\"wp-block-list\">\n<li>Endere\u00e7o: One Jeff Fuqua Blv, Orlando, FL 32827<\/li>\n\n\n\n<li>Telefone: +1 (407) 825-2001<\/li>\n\n\n\n<li>Site: <a href=\"https:\/\/flymco.com\/\" target=\"_blank\" rel=\"noreferrer noopener\">www.flymco.com<\/a><\/li>\n<\/ul>\n<\/li>\n<\/ul>\n\n\n\n<p><\/p>\n\n\n\n<div style=\"height:33px\" aria-hidden=\"true\" class=\"wp-block-spacer\"><\/div>\n\n\n\n<p><\/p>\n\n\n\n<p><\/p>\n","protected":false},"excerpt":{"rendered":"<p>N\u00fameros de Emerg\u00eancia: Voc\u00ea n\u00e3o ser\u00e1 cobrado por nenhuma dessas chamadas pelo 911, *FHP, 511 ou 311. Verifique com sua operadora se eles cobram por essas chamadas. Voc\u00ea pode ser cobrado pelo 411 e\u00a0N\u00c3O\u00a0\u00e9 uma linha ou servi\u00e7o gratuito do governo. Ao ligar para *FHP (*347) Voc\u00ea deve discar a tecla *Star primeiro. Hospitais Pr\u00f3ximos [&hellip;]<\/p>\n","protected":false},"author":1,"featured_media":0,"parent":0,"menu_order":0,"comment_status":"closed","ping_status":"closed","template":"","meta":{"om_disable_all_campaigns":false,"_monsterinsights_skip_tracking":false,"_monsterinsights_sitenote_active":false,"_monsterinsights_sitenote_note":"","_monsterinsights_sitenote_category":0,"_uf_show_specific_survey":0,"_uf_disable_surveys":false,"footnotes":""},"class_list":["post-30","page","type-page","status-publish","hentry"],"jetpack_sharing_enabled":true,"_links":{"self":[{"href":"https:\/\/jornadaparaorlando.com.br\/web\/wp-json\/wp\/v2\/pages\/30","targetHints":{"allow":["GET"]}}],"collection":[{"href":"https:\/\/jornadaparaorlando.com.br\/web\/wp-json\/wp\/v2\/pages"}],"about":[{"href":"https:\/\/jornadaparaorlando.com.br\/web\/wp-json\/wp\/v2\/types\/page"}],"author":[{"embeddable":true,"href":"https:\/\/jornadaparaorlando.com.br\/web\/wp-json\/wp\/v2\/users\/1"}],"replies":[{"embeddable":true,"href":"https:\/\/jornadaparaorlando.com.br\/web\/wp-json\/wp\/v2\/comments?post=30"}],"version-history":[{"count":4,"href":"https:\/\/jornadaparaorlando.com.br\/web\/wp-json\/wp\/v2\/pages\/30\/revisions"}],"predecessor-version":[{"id":1715,"href":"https:\/\/jornadaparaorlando.com.br\/web\/wp-json\/wp\/v2\/pages\/30\/revisions\/1715"}],"wp:attachment":[{"href":"https:\/\/jornadaparaorlando.com.br\/web\/wp-json\/wp\/v2\/media?parent=30"}],"curies":[{"name":"wp","href":"https:\/\/api.w.org\/{rel}","templated":true}]}}